{"id":3,"date":"2022-11-17T13:08:34","date_gmt":"2022-11-17T13:08:34","guid":{"rendered":"https:\/\/www.northerninterior.se\/?page_id=3"},"modified":"2023-11-16T12:52:35","modified_gmt":"2023-11-16T12:52:35","slug":"personvernerklaering","status":"publish","type":"page","link":"https:\/\/northerninterior.se\/no\/personvernerklaering\/","title":{"rendered":"Retningslinjer for personvern"},"content":{"rendered":"<style>.elementor-3 .elementor-element.elementor-element-6cdffe2 > .elementor-container{min-height:400px;}.elementor-3 .elementor-element.elementor-element-6cdffe2:not(.elementor-motion-effects-element-type-background), .elementor-3 .elementor-element.elementor-element-6cdffe2 > .elementor-motion-effects-container > .elementor-motion-effects-layer{background-repeat:no-repeat;background-size:cover;}.elementor-3 .elementor-element.elementor-element-6cdffe2{transition:background 0.3s, border 0.3s, border-radius 0.3s, box-shadow 0.3s;}.elementor-3 .elementor-element.elementor-element-6cdffe2 > .elementor-background-overlay{transition:background 0.3s, border-radius 0.3s, opacity 0.3s;}.elementor-3 .elementor-element.elementor-element-90efeda > .elementor-widget-container{margin:0% 0% 0% 0%;}.elementor-3 .elementor-element.elementor-element-90efeda{text-align:center;}.elementor-3 .elementor-element.elementor-element-90efeda .elementor-heading-title{text-shadow:3px 3px 3px rgba(0, 0, 0, 0.65);color:var( --e-global-color-primary );}.elementor-3 .elementor-element.elementor-element-1ecebfb6{margin-top:0px;margin-bottom:0px;padding:6% 6% 6% 6%;}.elementor-3 .elementor-element.elementor-element-bf675f9{text-align:center;}.elementor-3 .elementor-element.elementor-element-bf675f9 .elementor-heading-title{font-family:var( --e-global-typography-secondary-font-family ), Sans-serif;font-size:var( --e-global-typography-secondary-font-size );font-weight:var( --e-global-typography-secondary-font-weight );line-height:var( --e-global-typography-secondary-line-height );}.elementor-3 .elementor-element.elementor-element-6f7926d .elementor-button{background-color:var( --e-global-color-primary );font-family:var( --e-global-typography-text-font-family ), Sans-serif;font-size:var( --e-global-typography-text-font-size );font-weight:var( --e-global-typography-text-font-weight );line-height:var( --e-global-typography-text-line-height );fill:var( --e-global-color-secondary );color:var( --e-global-color-secondary );border-style:solid;border-width:1px 1px 1px 1px;border-color:var( --e-global-color-primary );border-radius:0px 0px 0px 0px;}:root{--page-title-display:none;}@media(max-width:1366px){.elementor-3 .elementor-element.elementor-element-6cdffe2 > .elementor-container{min-height:40vh;}.elementor-3 .elementor-element.elementor-element-bf675f9 .elementor-heading-title{font-size:var( --e-global-typography-secondary-font-size );line-height:var( --e-global-typography-secondary-line-height );}.elementor-3 .elementor-element.elementor-element-6f7926d .elementor-button{font-size:var( --e-global-typography-text-font-size );line-height:var( --e-global-typography-text-line-height );}}@media(max-width:1024px){.elementor-3 .elementor-element.elementor-element-6cdffe2 > .elementor-container{min-height:25vh;}.elementor-3 .elementor-element.elementor-element-6cdffe2:not(.elementor-motion-effects-element-type-background), .elementor-3 .elementor-element.elementor-element-6cdffe2 > .elementor-motion-effects-container > .elementor-motion-effects-layer{background-position:0% 0%;}.elementor-3 .elementor-element.elementor-element-bf675f9 .elementor-heading-title{font-size:var( --e-global-typography-secondary-font-size );line-height:var( --e-global-typography-secondary-line-height );}.elementor-3 .elementor-element.elementor-element-6f7926d .elementor-button{font-size:var( --e-global-typography-text-font-size );line-height:var( --e-global-typography-text-line-height );}}@media(max-width:767px){.elementor-3 .elementor-element.elementor-element-6cdffe2 > .elementor-container{min-height:30vh;}.elementor-3 .elementor-element.elementor-element-6cdffe2:not(.elementor-motion-effects-element-type-background), .elementor-3 .elementor-element.elementor-element-6cdffe2 > .elementor-motion-effects-container > .elementor-motion-effects-layer{background-position:19% 100%;}.elementor-3 .elementor-element.elementor-element-90efeda > .elementor-widget-container{margin:100px 0px 0px 0px;}.elementor-3 .elementor-element.elementor-element-bf675f9 .elementor-heading-title{font-size:var( --e-global-typography-secondary-font-size );line-height:var( --e-global-typography-secondary-line-height );}.elementor-3 .elementor-element.elementor-element-6f7926d .elementor-button{font-size:var( --e-global-typography-text-font-size );line-height:var( --e-global-typography-text-line-height );}}<\/style>\t\t<div data-elementor-type=\"wp-page\" data-elementor-id=\"3\" class=\"elementor elementor-3\" data-elementor-post-type=\"page\">\n\t\t\t\t\t\t<section class=\"elementor-section elementor-top-section elementor-element elementor-element-6cdffe2 elementor-section-height-min-height elementor-section-boxed elementor-section-height-default elementor-section-items-middle\" data-id=\"6cdffe2\" data-element_type=\"section\" data-settings=\"{&quot;background_background&quot;:&quot;classic&quot;}\">\n\t\t\t\t\t\t<div class=\"elementor-container elementor-column-gap-no\">\n\t\t\t\t\t<div class=\"elementor-column elementor-col-100 elementor-top-column elementor-element elementor-element-34b78c9\" data-id=\"34b78c9\" data-element_type=\"column\">\n\t\t\t<div class=\"elementor-widget-wrap elementor-element-populated\">\n\t\t\t\t\t\t<div class=\"elementor-element elementor-element-90efeda elementor-widget elementor-widget-heading\" data-id=\"90efeda\" data-element_type=\"widget\" data-widget_type=\"heading.default\">\n\t\t\t\t<div class=\"elementor-widget-container\">\n\t\t\t\t\t<h1 class=\"elementor-heading-title elementor-size-default\">Retningslinjer for personvern<\/h1>\t\t\t\t<\/div>\n\t\t\t\t<\/div>\n\t\t\t\t\t<\/div>\n\t\t<\/div>\n\t\t\t\t\t<\/div>\n\t\t<\/section>\n\t\t\t\t<section class=\"elementor-section elementor-top-section elementor-element elementor-element-1ecebfb6 elementor-section-boxed elementor-section-height-default elementor-section-height-default\" data-id=\"1ecebfb6\" data-element_type=\"section\">\n\t\t\t\t\t\t<div class=\"elementor-container elementor-column-gap-default\">\n\t\t\t\t\t<div class=\"elementor-column elementor-col-100 elementor-top-column elementor-element elementor-element-66111589\" data-id=\"66111589\" data-element_type=\"column\">\n\t\t\t<div class=\"elementor-widget-wrap elementor-element-populated\">\n\t\t\t\t\t\t<div class=\"elementor-element elementor-element-25b963d4 elementor-widget elementor-widget-text-editor\" data-id=\"25b963d4\" data-element_type=\"widget\" data-widget_type=\"text-editor.default\">\n\t\t\t\t<div class=\"elementor-widget-container\">\n\t\t\t\t\t\t\t\t\t<h1>Retningslinjer for personvern<\/h1><p>I samsvar med informasjonsplikten i henhold til lov 34\/2002 om informasjonssamfunnstjenester og elektronisk handel (LSSI-CE) av 11. desember, gis f\u00f8lgende generelle informasjon p\u00e5 dette nettstedet nedenfor:<\/p><p>Eierskapet til dette nettstedet, https:\/\/northerninterior.se\/, (heretter \"nettstedet\") innehas av: <strong>Northern Interior Design AB<\/strong>med Org: <strong>559304-3374<\/strong>og hvis kontaktinformasjon er<\/p><p>S\u00f6dra Parkgatan 13C<br \/>524 30 Herrljunga<br \/><a href=\"mailto:info@northerninterior.se\">info@northerninterior.se<\/a><br \/><a href=\"http:\/\/Tel:+46704390642\" data-wplink-url-error=\"true\">+46 704 39 06 42<\/a><\/p><h5>Hvilke personopplysninger vi samler inn og hvorfor vi gj\u00f8r det?<\/h5><p>Vi bruker informasjon som vi mottar fra v\u00e5re bes\u00f8kende\/kunder. Vi bruker opplysningene dine s\u00e5 lenge det er n\u00f8dvendig for \u00e5 oppfylle form\u00e5let. For \u00e5 oppfylle form\u00e5let med v\u00e5re tjenester vil personopplysningene dine bli behandlet av oss, men de kan ogs\u00e5 bli utlevert til og behandlet av v\u00e5re tjenesteleverand\u00f8rer, for eksempel skyleverand\u00f8rer eller markedsf\u00f8ringspartnere som leverand\u00f8rer av nyhetsbrev. Vi kan ogs\u00e5 utlevere opplysninger til andre relaterte selskaper, for eksempel \"Google Analytics\", der informasjon om din s\u00f8keadferd kan bli utlevert p\u00e5 nettstedet.\u00a0<\/p><p>Dette er kun for \u00e5 gj\u00f8re det mulig for oss \u00e5 forbedre opplevelsen p\u00e5 nettstedet v\u00e5rt. Videre kan personopplysningene dine bli utlevert hvis det kreves i henhold til lov, forskrift eller myndighetsvedtak. Hva vi gj\u00f8r med brukeropplysningene v\u00e5re n\u00e5r du sender en melding eller kontakter oss via nettstedet, vil informasjonen i kontaktskjemaet bli sendt til oss. Den sendte informasjonen brukes til \u00e5 kontakte deg og oppfylle v\u00e5rt m\u00e5l med informasjonen, som er \u00e5 etablere og\/eller opprettholde et forretningsforhold. N\u00e5r du bruker skjemaer p\u00e5 nettstedet v\u00e5rt, vil din eksterne IP bli sendt med skjemaet, dette er kun for \u00e5 forhindre spam\/trakassering.<\/p><h5>Google Analytics<\/h5><p>Vi bruker Google Analytics for \u00e5 forbedre brukeropplevelsen p\u00e5 nettstedet. For \u00e5 sikre at vi f\u00f8lger god praksis for h\u00e5ndtering av personopplysninger, har vi:<\/p><ul><li>Aktivert IP-anonymisering\/maskering.<\/li><li>Deling av data for funksjonshemmede<\/li><\/ul><h5>Filer med informasjonskapsler<\/h5><p>Hvis du legger igjen en kommentar p\u00e5 nettstedet v\u00e5rt, kan du velge \u00e5 lagre navn, e-postadresse og nettadresse i informasjonskapsler. Dette er for \u00e5 gj\u00f8re det enklere for deg, slik at du ikke trenger \u00e5 fylle ut denne informasjonen p\u00e5 nytt neste gang du skriver en kommentar. Disse informasjonskapslene er gyldige i ett \u00e5r. Hvis du har en konto og logger inn p\u00e5 dette nettstedet, oppretter vi en midlertidig informasjonskapsel for \u00e5 sjekke om nettleseren din godtar informasjonskapsler. Denne informasjonskapselen inneholder ingen personlig identifiserbar informasjon og forsvinner n\u00e5r du lukker nettleseren. N\u00e5r du logger inn, vil vi ogs\u00e5 opprette flere informasjonskapsler for \u00e5 lagre informasjon om innloggingen din og dine valg for utforming av skjermoppsettet.<\/p><p>Informasjonskapsler for innlogging er gyldige i to dager, og informasjonskapsler for valg av layout er gyldige i ett \u00e5r. Hvis du krysser av for \"Husk meg\", forblir informasjonskapselen p\u00e5 plass i to uker. Hvis du logger ut av kontoen din, slettes p\u00e5loggingsinformasjonskapslene. Hvis du redigerer eller publiserer en artikkel, lagres en ekstra informasjonskapsel i nettleseren din. Denne informasjonskapselen inneholder ingen personopplysninger, men viser bare innleggs-ID-en til artikkelen du nettopp har redigert. Den er gyldig i 1 dag.<\/p><h5>Hvem har tilgang til dataene dine?<\/h5><p>Vi selger, bytter eller overf\u00f8rer ikke personlig identifiserbar informasjon til tredjeparter. Betrodde tredjeparter som hjelper oss med \u00e5 drive\/forbedre virksomheten eller nettstedet v\u00e5rt, er imidlertid ikke inkludert, med krav om at alle parter er enige om \u00e5 holde informasjonen konfidensiell.<\/p><h5>Hvordan vi beskytter opplysningene dine<\/h5><p>Trafikken p\u00e5 nettstedet v\u00e5rt er kryptert med et SSL-sertifikat. Personopplysningene dine er beskyttet bak sikre nettverk og er bare tilgjengelige for et begrenset antall personer med spesifikke tilgangsrettigheter til disse systemene. Personene som h\u00e5ndterer personopplysninger, har bare tilgang til den informasjonen som er absolutt n\u00f8dvendig for at de skal kunne utf\u00f8re sine oppgaver. Skulle informasjon lekke ut, for eksempel som f\u00f8lge av et datainnbrudd, er det v\u00e5r plikt \u00e5 informere dem som kan ha f\u00e5tt informasjonen lekket.<\/p><h5>Lenker til andre nettsteder (eksterne lenker)<\/h5><p>Nettstedet v\u00e5rt kan inneholde lenker til andre nettsteder som ikke drives av oss. Hvis du klikker p\u00e5 en tredjepartslenke, vil du bli sendt til en tredjeparts nettsted. Vi anbefaler p\u00e5 det sterkeste at du leser personvernerkl\u00e6ringen for hvert nettsted du bes\u00f8ker. Vi har ingen kontroll over og er ikke ansvarlige for innhold, personopplysninger eller praksis p\u00e5 tredjeparts nettsteder eller tjenester. Hvis du vil vite mer om hvordan vi jobber med personopplysninger, personvern og hva vi gj\u00f8r for \u00e5 sikre at vi overholder personvernforordningen, kan du kontakte oss p\u00e5 <a href=\"mailto:info@northerninterior.se\">info@northerninterior.se<\/a><\/p>\t\t\t\t\t\t\t\t<\/div>\n\t\t\t\t<\/div>\n\t\t\t\t<div class=\"elementor-element elementor-element-bf675f9 elementor-widget elementor-widget-heading\" data-id=\"bf675f9\" data-element_type=\"widget\" data-widget_type=\"heading.default\">\n\t\t\t\t<div class=\"elementor-widget-container\">\n\t\t\t\t\t<h3 class=\"elementor-heading-title elementor-size-default\">V\u00e5r personvernerkl\u00e6ring slutter her<\/h3>\t\t\t\t<\/div>\n\t\t\t\t<\/div>\n\t\t\t\t<div class=\"elementor-element elementor-element-6f7926d elementor-align-center elementor-widget elementor-widget-button\" data-id=\"6f7926d\" data-element_type=\"widget\" data-widget_type=\"button.default\">\n\t\t\t\t<div class=\"elementor-widget-container\">\n\t\t\t\t\t\t\t\t\t<div class=\"elementor-button-wrapper\">\n\t\t\t\t\t<a class=\"elementor-button elementor-button-link elementor-size-sm elementor-animation-float\" href=\"https:\/\/northerninterior.se\/no\/\">\n\t\t\t\t\t\t<span class=\"elementor-button-content-wrapper\">\n\t\t\t\t\t\t\t\t\t<span class=\"elementor-button-text\">Tilbake til startsiden<\/span>\n\t\t\t\t\t<\/span>\n\t\t\t\t\t<\/a>\n\t\t\t\t<\/div>\n\t\t\t\t\t\t\t\t<\/div>\n\t\t\t\t<\/div>\n\t\t\t\t\t<\/div>\n\t\t<\/div>\n\t\t\t\t\t<\/div>\n\t\t<\/section>\n\t\t\t\t<\/div>","protected":false},"excerpt":{"rendered":"<p>Personvern I samsvar med informasjonsplikten i henhold til lov 34\/2002 om tjenester i informasjonssamfunnet og elektronisk handel (LSSI-CE) av 11. desember, gis f\u00f8lgende generelle informasjon p\u00e5 dette nettstedet nedenfor: Eierskapet til dette nettstedet, https:\/\/northerninterior.se\/, (heretter kalt nettstedet) innehas av: Northern Interior Design AB, med Org: 559304-3374, og hvis kontaktinformasjon er: S\u00f6dra Parkgatan 13C524 30 Herrljungainfo@northerninterior.se+46 704 [...]<\/p>","protected":false},"author":3,"featured_media":1832,"parent":0,"menu_order":9,"comment_status":"closed","ping_status":"closed","template":"elementor_header_footer","meta":{"footnotes":""},"class_list":["post-3","page","type-page","status-publish","has-post-thumbnail","hentry"],"_links":{"self":[{"href":"https:\/\/northerninterior.se\/no\/wp-json\/wp\/v2\/pages\/3","targetHints":{"allow":["GET"]}}],"collection":[{"href":"https:\/\/northerninterior.se\/no\/wp-json\/wp\/v2\/pages"}],"about":[{"href":"https:\/\/northerninterior.se\/no\/wp-json\/wp\/v2\/types\/page"}],"author":[{"embeddable":true,"href":"https:\/\/northerninterior.se\/no\/wp-json\/wp\/v2\/users\/3"}],"replies":[{"embeddable":true,"href":"https:\/\/northerninterior.se\/no\/wp-json\/wp\/v2\/comments?post=3"}],"version-history":[{"count":44,"href":"https:\/\/northerninterior.se\/no\/wp-json\/wp\/v2\/pages\/3\/revisions"}],"predecessor-version":[{"id":5591,"href":"https:\/\/northerninterior.se\/no\/wp-json\/wp\/v2\/pages\/3\/revisions\/5591"}],"wp:featuredmedia":[{"embeddable":true,"href":"https:\/\/northerninterior.se\/no\/wp-json\/wp\/v2\/media\/1832"}],"wp:attachment":[{"href":"https:\/\/northerninterior.se\/no\/wp-json\/wp\/v2\/media?parent=3"}],"curies":[{"name":"wp","href":"https:\/\/api.w.org\/{rel}","templated":true}]}}